{"id":75,"date":"2018-08-10T21:28:21","date_gmt":"2018-08-10T21:28:21","guid":{"rendered":"http:\/\/gaestehaus-steuer.com\/?page_id=75"},"modified":"2022-02-21T15:22:53","modified_gmt":"2022-02-21T15:22:53","slug":"aktivitaeten","status":"publish","type":"page","link":"https:\/\/gaestehaus-steuer.com\/?page_id=75","title":{"rendered":"Aktivit\u00e4ten"},"content":{"rendered":"<p><\/p>\n<h2 style=\"text-align: center;\">Was k\u00f6nnen Sie im Moselurlaub unternehmen<\/h2>\n<p>Unser G\u00e4stehaus ist ein gut gelegener Ausgangspunkt f\u00fcr Tagesausfl\u00fcge entlang der Mosel von Koblenz bis Trier, Cochem mit der Reichsburg liegt nur 8 km von uns entfernt, Bernkastel-Kues mit der historischen Altstadt erreichen Sie in gut einer Autostunde, die Burg Eltz liegt nur einige D\u00f6rfer weiter moselabw\u00e4rts und kann mit \u00f6ffentlichen Verkehrsmitteln kostenlos mit dem G\u00e4steticket erreicht werden.<\/p>\n<p>Nur 2 Kilometer sind es zum malerischen Ort Beilstein, hier k\u00f6nnen Sie mit der F\u00e4hre \u00fcber die Mosel setzen und so ein einmaliges Erlebnis genie\u00dfen.<\/p>\n<p>Ein besonderes Highlight in Ihrem Moselurlaub ist eine Schifffahrt auf der Mosel. In unserem Ortsteil Fankel befindet sich eine Moselschleuse, so da\u00df sich hier eine Schifffahrt von Beilstein bis zum Ortsteil Bruttig oder etwas weiter bis nach Cochem besonders lohnt, da Sie eine Schleusendurchfahrt erleben k\u00f6nnen. Sie fahren auf dem Oberwasser in die Schleusenkammer ein und werden durch Ablassen des Wassers viele Meter tiefer wieder aus der Schleuse herausfahren und die Fahrt weitersetzen. Ein wunderbares Erlebnis, das Ihren Moselurlaub kr\u00f6nen sollte.<\/p>\n<p>Auch f\u00fcr unsere kleinen G\u00e4ste stehen viele Attraktionen zur Verf\u00fcgung, wie z.B. der Wild- und Freizeitpark Klotten oder der Tolli-Park in Mayen oder das Freizeitzentrum Cochem mit Kinderland.<\/p>\n<p>WANDERN<\/p>\n<p>Durch unseren Ort Bruttig-Fankel verl\u00e4uft Etappe 18 vom MOSELSTEIG<\/p>\n<p>F\u00fcr weniger trainierte Wanderer stehen viele Wege durch die Weinberge mit teils wundersch\u00f6nen Aussichtspunkten und nat\u00fcrlich Fu\u00dfwege entlang der Mosel zur Verf\u00fcgung.<\/p>\n<p>Erlebnis Moselkrampen,\u00a0<a href=\"http:\/\/www.erlebnis-moselkrampen.de\/\">zur Website<br \/>\n<\/a>Breva Wein und Weg,\u00a0<a href=\"http:\/\/www.brevaweinundweg.de\/\">zur Website<br \/>\n<\/a>Apolloweg Valwig,\u00a0<a href=\"http:\/\/www.apolloweg-valwig.de\/\">zur Website<br \/>\n<\/a>Calmont Klettersteig,\u00a0<a href=\"http:\/\/www.calmont-klettersteig.com\/\">zur Website<\/a><\/p>\n<p>FAHRRAD FAHREN<\/p>\n<p>Fahrr\u00e4der k\u00f6nnen bei uns gebucht werden.<\/p>\n<h3>BURGEN IN UNSERER N\u00c4HE<\/h3>\n<p>Reichsburg Cochem ,\u00a0<a href=\"http:\/\/www.reichsburg-cochem.de\/\">zur Website<\/a><br \/>\nBurg Eltz,\u00a0<a href=\"http:\/\/www.burg-eltz.de\/\">zur Website<\/a><\/p>\n<p><u>AUSFLUGSZIELE <\/u><\/p>\n<p>COCHEM<\/p>\n<p>BEILSTEIN<\/p>\n<p>BERNKASEL-KUES<\/p>\n<p>T R I E R<\/p>\n<p>KOBLENZ mit Deutschem Eck<\/p>\n<p>WILD- UND FREIZEITPARK<\/p>\n<p>Tier-und Freizeitpark Klotti in , <a href=\"http:\/\/www.klotti.de\/\">zur Website<\/a><\/p>\n<p>Cochemer Sesselbahn zum Pinnerkreuz, <a href=\"http:\/\/www.cochemer-sesselbahn.de\/\">zur Website<\/a><\/p>\n<h2 style=\"text-align: center;\">Was k\u00f6nnen Sie im Moselurlaub unternehmen<\/h2>\n<p>Unser G\u00e4stehaus ist ein gut gelegener Ausgangspunkt f\u00fcr Tagesausfl\u00fcge entlang der Mosel von Koblenz bis Trier, Cochem mit der Reichsburg liegt nur 8 km von uns entfernt, Bernkastel-Kues mit der historischen Altstadt erreichen Sie in gut einer Autostunde, die Burg Eltz liegt nur einige D\u00f6rfer weiter moselabw\u00e4rts und kann mit \u00f6ffentlichen Verkehrsmitteln kostenlos mit dem G\u00e4steticket erreicht werden.<\/p>\n<p>Nur 2 Kilometer sind es zum malerischen Ort Beilstein, hier k\u00f6nnen Sie mit der F\u00e4hre \u00fcber die Mosel setzen und so ein einmaliges Erlebnis genie\u00dfen.<\/p>\n<p>Ein besonderes Highlight in Ihrem Moselurlaub ist eine Schifffahrt auf der Mosel. In unserem Ortsteil Fankel befindet sich eine Moselschleuse, so da\u00df sich hier eine Schifffahrt von Beilstein bis zum Ortsteil Bruttig oder etwas weiter bis nach Cochem besonders lohnt, da Sie eine Schleusendurchfahrt erleben k\u00f6nnen. Sie fahren auf dem Oberwasser in die Schleusenkammer ein und werden durch Ablassen des Wassers viele Meter tiefer wieder aus der Schleuse herausfahren und die Fahrt weitersetzen. Ein wunderbares Erlebnis, das Ihren Moselurlaub kr\u00f6nen sollte.<\/p>\n<p>Auch f\u00fcr unsere kleinen G\u00e4ste stehen viele Attraktionen zur Verf\u00fcgung, wie z.B. der Wild- und Freizeitpark Klotten oder der Tolli-Park in Mayen oder das Freizeitzentrum Cochem mit Kinderland.<\/p>\n<p>WANDERN<\/p>\n<p>Durch unseren Ort Bruttig-Fankel verl\u00e4uft Etappe 18 vom MOSELSTEIG<\/p>\n<p>F\u00fcr weniger trainierte Wanderer stehen viele Wege durch die Weinberge mit teils wundersch\u00f6nen Aussichtspunkten und nat\u00fcrlich Fu\u00dfwege entlang der Mosel zur Verf\u00fcgung.<\/p>\n<p>Erlebnis Moselkrampen,\u00a0<a href=\"http:\/\/www.erlebnis-moselkrampen.de\/\">zur Website<br \/>\n<\/a>Breva Wein und Weg,\u00a0<a href=\"http:\/\/www.brevaweinundweg.de\/\">zur Website<br \/>\n<\/a>Apolloweg Valwig,\u00a0<a href=\"http:\/\/www.apolloweg-valwig.de\/\">zur Website<br \/>\n<\/a>Calmont Klettersteig,\u00a0<a href=\"http:\/\/www.calmont-klettersteig.com\/\">zur Website<\/a><\/p>\n<p>FAHRRAD FAHREN<\/p>\n<p>Fahrr\u00e4der k\u00f6nnen bei uns im Haus gebucht werden.<\/p>\n<h3>BURGEN IN UNSERER N\u00c4HE<\/h3>\n<p>Reichsburg Cochem ,\u00a0<a href=\"http:\/\/www.reichsburg-cochem.de\/\">zur Website<\/a><br \/>\nBurg Eltz,\u00a0<a href=\"http:\/\/www.burg-eltz.de\/\">zur Website<\/a><\/p>\n<p><u>AUSFLUGSZIELE <\/u><\/p>\n<p>COCHEM<\/p>\n<p>BEILSTEIN<\/p>\n<p>BERNKASEL-KUES<\/p>\n<p>T R I E R<\/p>\n<p>KOBLENZ mit Deutschem Eck<\/p>\n<p>WILD- UND FREIZEITPARK<\/p>\n<p>Tier-und Freizeitpark Klotti in , <a href=\"http:\/\/www.klotti.de\/\">zur Website<\/a><\/p>\n<p>Cochemer Sesselbahn zum Pinnerkreuz, <a href=\"http:\/\/www.cochemer-sesselbahn.de\/\">zur Website<\/a><\/p>\n<p><\/p>\n<h2 style=\"text-align: center;\">Was k\u00f6nnen Sie im Moselurlaub unternehmen<\/h2>\n<p>Unser G\u00e4stehaus ist ein gut gelegener Ausgangspunkt f\u00fcr Tagesausfl\u00fcge entlang der Mosel von Koblenz bis Trier, Cochem mit der Reichsburg liegt nur 8 km von uns entfernt, Bernkastel-Kues mit der historischen Altstadt erreichen Sie in gut einer Autostunde, die Burg Eltz liegt nur einige D\u00f6rfer weiter moselabw\u00e4rts und kann mit \u00f6ffentlichen Verkehrsmitteln kostenlos mit dem G\u00e4steticket erreicht werden.<\/p>\n<p>Nur 2 Kilometer sind es zum malerischen Ort Beilstein, hier k\u00f6nnen Sie mit der F\u00e4hre \u00fcber die Mosel setzen und so ein einmaliges Erlebnis genie\u00dfen.<\/p>\n<p>Ein besonderes Highlight in Ihrem Moselurlaub ist eine Schifffahrt auf der Mosel. In unserem Ortsteil Fankel befindet sich eine Moselschleuse, so da\u00df sich hier eine Schifffahrt von Beilstein bis zum Ortsteil Bruttig oder etwas weiter bis nach Cochem besonders lohnt, da Sie eine Schleusendurchfahrt erleben k\u00f6nnen. Sie fahren auf dem Oberwasser in die Schleusenkammer ein und werden durch Ablassen des Wassers viele Meter tiefer wieder aus der Schleuse herausfahren und die Fahrt weitersetzen. Ein wunderbares Erlebnis, das Ihren Moselurlaub kr\u00f6nen sollte.<\/p>\n<p>Auch f\u00fcr unsere kleinen G\u00e4ste stehen viele Attraktionen zur Verf\u00fcgung, wie z.B. der Wild- und Freizeitpark Klotten oder der Tolli-Park in Mayen oder das Freizeitzentrum Cochem mit Kinderland.<\/p>\n<p>WANDERN<\/p>\n<p>Durch unseren Ort Bruttig-Fankel verl\u00e4uft Etappe 18 vom MOSELSTEIG<\/p>\n<p>F\u00fcr weniger trainierte Wanderer stehen viele Wege durch die Weinberge mit teils wundersch\u00f6nen Aussichtspunkten und nat\u00fcrlich Fu\u00dfwege entlang der Mosel zur Verf\u00fcgung.<\/p>\n<p>Erlebnis Moselkrampen,\u00a0<a href=\"http:\/\/www.erlebnis-moselkrampen.de\/\">zur Website<br \/>\n<\/a>Breva Wein und Weg,\u00a0<a href=\"http:\/\/www.brevaweinundweg.de\/\">zur Website<br \/>\n<\/a>Apolloweg Valwig,\u00a0<a href=\"http:\/\/www.apolloweg-valwig.de\/\">zur Website<br \/>\n<\/a>Calmont Klettersteig,\u00a0<a href=\"http:\/\/www.calmont-klettersteig.com\/\">zur Website<\/a><\/p>\n<p>FAHRRAD FAHREN<\/p>\n<p>Fahrr\u00e4der k\u00f6nnen bei uns im Haus gebucht werden.<\/p>\n<h3>BURGEN IN UNSERER N\u00c4HE<\/h3>\n<p>Reichsburg Cochem ,\u00a0<a href=\"http:\/\/www.reichsburg-cochem.de\/\">zur Website<\/a><br \/>\nBurg Eltz,\u00a0<a href=\"http:\/\/www.burg-eltz.de\/\">zur Website<\/a><\/p>\n<p><u>AUSFLUGSZIELE <\/u><\/p>\n<p>COCHEM<\/p>\n<p>BEILSTEIN<\/p>\n<p>BERNKASEL-KUES<\/p>\n<p>T R I E R<\/p>\n<p>KOBLENZ mit Deutschem Eck<\/p>\n<p>WILD- UND FREIZEITPARK<\/p>\n<p>Tier-und Freizeitpark Klotti in , <a href=\"http:\/\/www.klotti.de\/\">zur Website<\/a><\/p>\n<p>Cochemer Sesselbahn zum Pinnerkreuz, <a href=\"http:\/\/www.cochemer-sesselbahn.de\/\">zur Website<\/a><\/p>\n<p><\/p>\n<h2 style=\"text-align: center;\">Was k\u00f6nnen Sie im Moselurlaub unternehmen<\/h2>\n<p>Unser G\u00e4stehaus ist ein gut gelegener Ausgangspunkt f\u00fcr Tagesausfl\u00fcge entlang der Mosel von Koblenz bis Trier, Cochem mit der Reichsburg liegt nur 8 km von uns entfernt, Bernkastel-Kues mit der historischen Altstadt erreichen Sie in gut einer Autostunde, die Burg Eltz liegt nur einige D\u00f6rfer weiter moselabw\u00e4rts und kann mit \u00f6ffentlichen Verkehrsmitteln kostenlos mit dem G\u00e4steticket erreicht werden.<\/p>\n<p>Nur 2 Kilometer sind es zum malerischen Ort Beilstein, hier k\u00f6nnen Sie mit der F\u00e4hre \u00fcber die Mosel setzen und so ein einmaliges Erlebnis genie\u00dfen.<\/p>\n<p>Ein besonderes Highlight in Ihrem Moselurlaub ist eine Schifffahrt auf der Mosel. In unserem Ortsteil Fankel befindet sich eine Moselschleuse, so da\u00df sich hier eine Schifffahrt von Beilstein bis zum Ortsteil Bruttig oder etwas weiter bis nach Cochem besonders lohnt, da Sie eine Schleusendurchfahrt erleben k\u00f6nnen. Sie fahren auf dem Oberwasser in die Schleusenkammer ein und werden durch Ablassen des Wassers viele Meter tiefer wieder aus der Schleuse herausfahren und die Fahrt weitersetzen. Ein wunderbares Erlebnis, das Ihren Moselurlaub kr\u00f6nen sollte.<\/p>\n<p>Auch f\u00fcr unsere kleinen G\u00e4ste stehen viele Attraktionen zur Verf\u00fcgung, wie z.B. der Wild- und Freizeitpark Klotten oder der Tolli-Park in Mayen oder das Freizeitzentrum Cochem mit Kinderland.<\/p>\n<p>WANDERN<\/p>\n<p>Durch unseren Ort Bruttig-Fankel verl\u00e4uft Etappe 18 vom MOSELSTEIG<\/p>\n<p>F\u00fcr weniger trainierte Wanderer stehen viele Wege durch die Weinberge mit teils wundersch\u00f6nen Aussichtspunkten und nat\u00fcrlich Fu\u00dfwege entlang der Mosel zur Verf\u00fcgung.<\/p>\n<p>Erlebnis Moselkrampen,\u00a0<a href=\"http:\/\/www.erlebnis-moselkrampen.de\/\">zur Website<br \/>\n<\/a>Breva Wein und Weg,\u00a0<a href=\"http:\/\/www.brevaweinundweg.de\/\">zur Website<br \/>\n<\/a>Apolloweg Valwig,\u00a0<a href=\"http:\/\/www.apolloweg-valwig.de\/\">zur Website<br \/>\n<\/a>Calmont Klettersteig,\u00a0<a href=\"http:\/\/www.calmont-klettersteig.com\/\">zur Website<\/a><\/p>\n<p>FAHRRAD FAHREN<\/p>\n<p>Fahrr\u00e4der k\u00f6nnen bei uns im Haus gebucht werden.<\/p>\n<h3>BURGEN IN UNSERER N\u00c4HE<\/h3>\n<p>Reichsburg Cochem ,\u00a0<a href=\"http:\/\/www.reichsburg-cochem.de\/\">zur Website<\/a><br \/>\nBurg Eltz,\u00a0<a href=\"http:\/\/www.burg-eltz.de\/\">zur Website<\/a><\/p>\n<p><u>AUSFLUGSZIELE <\/u><\/p>\n<p>COCHEM<\/p>\n<p>BEILSTEIN<\/p>\n<p>BERNKASEL-KUES<\/p>\n<p>T R I E R<\/p>\n<p>KOBLENZ mit Deutschem Eck<\/p>\n<p>WILD- UND FREIZEITPARK<\/p>\n<p>Tier-und Freizeitpark Klotti in , <a href=\"http:\/\/www.klotti.de\/\">zur Website<\/a><\/p>\n<p>Cochemer Sesselbahn zum Pinnerkreuz, <a href=\"http:\/\/www.cochemer-sesselbahn.de\/\">zur Website<\/a><\/p>\n<p><\/p>","protected":false},"excerpt":{"rendered":"<p>Was k\u00f6nnen Sie im Moselurlaub unternehmen Unser G\u00e4stehaus ist ein gut gelegener Ausgangspunkt f\u00fcr Tagesausfl\u00fcge entlang der Mosel von Koblenz bis Trier, Cochem mit der Reichsburg liegt nur 8 km von uns entfernt, Bernkastel-Kues mit der historischen Altstadt erreichen Sie &hellip; <a href=\"https:\/\/gaestehaus-steuer.com\/?page_id=75\">Weiterlesen <span class=\"meta-nav\">&rarr;<\/span><\/a><\/p>\n","protected":false},"author":1,"featured_media":0,"parent":0,"menu_order":0,"comment_status":"closed","ping_status":"closed","template":"","meta":[],"_links":{"self":[{"href":"https:\/\/gaestehaus-steuer.com\/index.php?rest_route=\/wp\/v2\/pages\/75"}],"collection":[{"href":"https:\/\/gaestehaus-steuer.com\/index.php?rest_route=\/wp\/v2\/pages"}],"about":[{"href":"https:\/\/gaestehaus-steuer.com\/index.php?rest_route=\/wp\/v2\/types\/page"}],"author":[{"embeddable":true,"href":"https:\/\/gaestehaus-steuer.com\/index.php?rest_route=\/wp\/v2\/users\/1"}],"replies":[{"embeddable":true,"href":"https:\/\/gaestehaus-steuer.com\/index.php?rest_route=%2Fwp%2Fv2%2Fcomments&post=75"}],"version-history":[{"count":10,"href":"https:\/\/gaestehaus-steuer.com\/index.php?rest_route=\/wp\/v2\/pages\/75\/revisions"}],"predecessor-version":[{"id":919,"href":"https:\/\/gaestehaus-steuer.com\/index.php?rest_route=\/wp\/v2\/pages\/75\/revisions\/919"}],"wp:attachment":[{"href":"https:\/\/gaestehaus-steuer.com\/index.php?rest_route=%2Fwp%2Fv2%2Fmedia&parent=75"}],"curies":[{"name":"wp","href":"https:\/\/api.w.org\/{rel}","templated":true}]}}