{"id":61,"date":"2018-08-10T21:18:24","date_gmt":"2018-08-10T21:18:24","guid":{"rendered":"http:\/\/gaestehaus-steuer.com\/?page_id=61"},"modified":"2024-02-22T12:20:39","modified_gmt":"2024-02-22T12:20:39","slug":"unser-haus-2","status":"publish","type":"page","link":"https:\/\/gaestehaus-steuer.com\/?page_id=61","title":{"rendered":"Unser Haus"},"content":{"rendered":"<p><\/p>\n<h2 style=\"text-align: center;\">Ihr Urlaub im G\u00e4stehaus Steuer<\/h2>\n<p>In sonniger und ruhiger Lage liegt unser G\u00e4stehaus im Ortsteil Fankel, zur Stadt Cochem sind es circa 7 Kilometer und zu dem malerischen bekannten Ort Beilstein sind es knapp 2 Kilometer.<\/p>\n<p>Entspannen Sie sich auf einer unserer Sonnenterrassen mit herrlichem Blick ins Moseltal und genie\u00dfen Sie Ihren Urlaub in vollen Z\u00fcgen.<\/p>\n<p>Sowohl unsere gem\u00fctlichen Sitzgruppen auf der S\u00fcdterrasse als auch eine gro\u00dfe Loggia und nat\u00fcrlich unser G\u00e4steraum laden Sie dazu ein, hier einen guten Moselwein aus dem Familienweingut zu genie\u00dfen. Wir bieten Ihnen zu Hauspreisen eine Vielzahl von Weinen, ob wei\u00df oder rot, vom feinen Riesling bis zum roten Dornfelder.<\/p>\n<p>Eine Moselspezialit\u00e4t ist unser Riesling-Winzersekt.<\/p>\n<p>Alle angebotenen Weine k\u00f6nnen Sie einzeln zum Verzehr in ihrem Apartment kaufen und auch gerne im Karton zum Vorzugspreis mit nach Hause nehmen.<\/p>\n<p>In \u00a0unserem G\u00e4steraum \u00a0finden Sie viele Informationen der Urlaubsregion Mosel \u00fcber Sehensw\u00fcrdigkeiten, Wander- und Fahrradwege, Mosel-Schifffahrten und vieles weitere. Die Gastgeberin wohnt im Haus und ist im Ort aufgewachsen, sie gibt Ihnen gerne zu s\u00e4mtlichen Fragen Auskunft.<\/p>\n<p>Buchen Sie ein top gepflegtes Haus, gem\u00fctlich und komfortabel, kostenlose Privatparkpl\u00e4tze befinden sich direkt am Haus, mitgebrachte Fahrr\u00e4der werden im Gartenhaus untergebracht.<\/p>\n<p>Ab 2021 k\u00f6nnen Sie hauseigene Fahrr\u00e4der mieten.<\/p>\n<p>Von November bis Ostern bleibt unser G\u00e4stehaus geschlossen. Wir \u00f6ffnen am 24.03.2024. Gerne nehmen wir Ihre Buchung bereits entgegen und freuen uns auf Ihre Email oder Ihren Anruf.<\/p>\n<p>&nbsp;<\/p>\n<p><div id='gallery-1' class='gallery galleryid-61 gallery-columns-3 gallery-size-thumbnail'><dl class='gallery-item'>\n\t\t\t<dt class='gallery-icon landscape'>\n\t\t\t\t<a href='https:\/\/gaestehaus-steuer.com\/?attachment_id=379'><img width=\"150\" height=\"150\" src=\"https:\/\/gaestehaus-steuer.com\/wp-content\/uploads\/2019\/03\/G\u00e4steraum-150x150.jpg\" class=\"attachment-thumbnail size-thumbnail\" alt=\"\" loading=\"lazy\" aria-describedby=\"gallery-1-379\" \/><\/a>\n\t\t\t<\/dt>\n\t\t\t\t<dd class='wp-caption-text gallery-caption' id='gallery-1-379'>\n\t\t\t\tG\u00e4steraum\n\t\t\t\t<\/dd><\/dl><dl class='gallery-item'>\n\t\t\t<dt class='gallery-icon landscape'>\n\t\t\t\t<a href='https:\/\/gaestehaus-steuer.com\/?attachment_id=367'><img width=\"150\" height=\"150\" src=\"https:\/\/gaestehaus-steuer.com\/wp-content\/uploads\/2019\/03\/Terrasse-6-150x150.jpg\" class=\"attachment-thumbnail size-thumbnail\" alt=\"\" loading=\"lazy\" aria-describedby=\"gallery-1-367\" \/><\/a>\n\t\t\t<\/dt>\n\t\t\t\t<dd class='wp-caption-text gallery-caption' id='gallery-1-367'>\n\t\t\t\tTerrasse\n\t\t\t\t<\/dd><\/dl><dl class='gallery-item'>\n\t\t\t<dt class='gallery-icon landscape'>\n\t\t\t\t<a href='https:\/\/gaestehaus-steuer.com\/?attachment_id=763'><img width=\"150\" height=\"150\" src=\"https:\/\/gaestehaus-steuer.com\/wp-content\/uploads\/2021\/02\/IMG_8549-150x150.jpeg\" class=\"attachment-thumbnail size-thumbnail\" alt=\"\" loading=\"lazy\" aria-describedby=\"gallery-1-763\" \/><\/a>\n\t\t\t<\/dt>\n\t\t\t\t<dd class='wp-caption-text gallery-caption' id='gallery-1-763'>\n\t\t\t\tEingang Terrasse\n\t\t\t\t<\/dd><\/dl><br style=\"clear: both\" \/>\n\t\t<\/div>\n<\/p>","protected":false},"excerpt":{"rendered":"<p>Ihr Urlaub im G\u00e4stehaus Steuer In sonniger und ruhiger Lage liegt unser G\u00e4stehaus im Ortsteil Fankel, zur Stadt Cochem sind es circa 7 Kilometer und zu dem malerischen bekannten Ort Beilstein sind es knapp 2 Kilometer. Entspannen Sie sich auf &hellip; <a href=\"https:\/\/gaestehaus-steuer.com\/?page_id=61\">Weiterlesen <span class=\"meta-nav\">&rarr;<\/span><\/a><\/p>\n","protected":false},"author":1,"featured_media":0,"parent":0,"menu_order":0,"comment_status":"closed","ping_status":"closed","template":"","meta":[],"_links":{"self":[{"href":"https:\/\/gaestehaus-steuer.com\/index.php?rest_route=\/wp\/v2\/pages\/61"}],"collection":[{"href":"https:\/\/gaestehaus-steuer.com\/index.php?rest_route=\/wp\/v2\/pages"}],"about":[{"href":"https:\/\/gaestehaus-steuer.com\/index.php?rest_route=\/wp\/v2\/types\/page"}],"author":[{"embeddable":true,"href":"https:\/\/gaestehaus-steuer.com\/index.php?rest_route=\/wp\/v2\/users\/1"}],"replies":[{"embeddable":true,"href":"https:\/\/gaestehaus-steuer.com\/index.php?rest_route=%2Fwp%2Fv2%2Fcomments&post=61"}],"version-history":[{"count":18,"href":"https:\/\/gaestehaus-steuer.com\/index.php?rest_route=\/wp\/v2\/pages\/61\/revisions"}],"predecessor-version":[{"id":1179,"href":"https:\/\/gaestehaus-steuer.com\/index.php?rest_route=\/wp\/v2\/pages\/61\/revisions\/1179"}],"wp:attachment":[{"href":"https:\/\/gaestehaus-steuer.com\/index.php?rest_route=%2Fwp%2Fv2%2Fmedia&parent=61"}],"curies":[{"name":"wp","href":"https:\/\/api.w.org\/{rel}","templated":true}]}}