{"id":51,"date":"2018-03-22T16:16:42","date_gmt":"2018-03-22T16:16:42","guid":{"rendered":"http:\/\/gaestehaus-steuer.com\/?page_id=51"},"modified":"2026-01-17T13:53:59","modified_gmt":"2026-01-17T13:53:59","slug":"apartment","status":"publish","type":"page","link":"https:\/\/gaestehaus-steuer.com\/?page_id=51","title":{"rendered":"Apartment"},"content":{"rendered":"<p><\/p>\n<h2 style=\"text-align: center;\">Buchen Sie Ihr Apartment f\u00fcr einen Urlaub an der Mosel<\/h2>\n<p style=\"text-align: center;\">Unsere Apartments wurden 2021 mit 4 Sternen ausgezeichnet<\/p>\n<div><\/div>\n<h3><strong>Apartment &#8222;<em>WEINBERG<\/em>&#8220; wurde in 2020 neu gestaltet mit eigenem Hauseingang und ist stufenlos und barrierefrei erreichbar mit Parkplatz direkt neben dem Eingang, also auch hervorragend geeignet f\u00fcr G\u00e4ste mit eingeschr\u00e4nkter Mobilit\u00e4t. Die 1 1\/2 Zimmer haben\u00a030 qm, sind \u00a0modern eingerichtet und bieten ein 180 x 200 cm gro\u00dfes Boxspringbett, einen Flachbild-TV, einen Wohn- und K\u00fcchenraum mit 2-Platten-Kochfeld, Esstisch und St\u00fchlen, Mikrowelle, K\u00fchlschrank und div. Geschirr.<\/strong><\/h3>\n<p><strong>Dusche\/WC \/ eigene kleine Terrasse \/ Internet wLan \/ eigener Parkplatz direkt vor dem Eingang<\/strong><\/p>\n<p><strong>Preis f\u00fcr eine Woche ab 425,00 \u20ac, buchbar ab 4 \u00dcbernachtungen, Preis bei Kurzurlaub auf Anfrage<\/strong><\/p>\n<p><strong>Apartment &#8222;MOSEL&#8220; ist mit nur 4 Eingangsstufen \u00fcber die Terrasse im Parterre gelegen, hat einen gro\u00dfen Raum mit ca. 26 qm und verf\u00fcgt \u00fcber einen gro\u00dfen Balkon mit Moselblick. Es gibt eine K\u00fcchenzeile mit 2-Platten-Kochfeld, K\u00fchlschrank, Mikrowelle und div. Geschirr und einen\u00a0Esstisch mit 2 St\u00fchlen. Das Bad hat ein Au\u00dfenfenster. Im Schlafzimmer wurden neue M\u00f6bel eingerichtet. Ein komfortables \u00a0180 x 200 cm gro\u00dfes Boxspringbett sorgt f\u00fcr \u00a0herrlich geruhsamen Schlaf, ein gro\u00dfer Flachbild TV und eine gem\u00fctliche Sitzecke bieten weiteren Komfort.<\/strong><\/p>\n<p><strong>Dusche\/WC \/ Balkon \/ Internet wLanApartment<\/strong><\/p>\n<p><strong>Preis f\u00fcr eine Woche ab 425,00 \u20ac, buchbar ab 4 \u00dcbernachtungen, Preis bei Kurzurlaub auf Anfrage<\/strong><\/p>\n<p>&nbsp;<\/p>\n<p style=\"text-align: center;\"><strong>++DIE GROSSEN SONNENTERRASSEN SIND GANZT\u00c4GIG GE\u00d6FFNET \u00a0 \u00a0 \u00a0 \u00a0 \u00a0 \u00a0 \u00a0 \u00a0 \u00a0 \u00a0 \u00a0 \u00a0 \u00a0 HIER K\u00d6NNEN SIE LECKEREN MOSELWEIN UND BAYERISCHES BIER GENIESSEN ++<\/strong><\/p>\n<p>&nbsp;<\/p>\n<div id='gallery-1' class='gallery galleryid-51 gallery-columns-2 gallery-size-thumbnail'><dl class='gallery-item'>\n\t\t\t<dt class='gallery-icon portrait'>\n\t\t\t\t<a href='https:\/\/gaestehaus-steuer.com\/?attachment_id=768'><img width=\"150\" height=\"150\" src=\"https:\/\/gaestehaus-steuer.com\/wp-content\/uploads\/2021\/02\/IMG_4192-150x150.jpeg\" class=\"attachment-thumbnail size-thumbnail\" alt=\"\" loading=\"lazy\" aria-describedby=\"gallery-1-768\" \/><\/a>\n\t\t\t<\/dt>\n\t\t\t\t<dd class='wp-caption-text gallery-caption' id='gallery-1-768'>\n\t\t\t\tAp. Bruttig (Zimmer 1)\n\t\t\t\t<\/dd><\/dl><dl class='gallery-item'>\n\t\t\t<dt class='gallery-icon portrait'>\n\t\t\t\t<a href='https:\/\/gaestehaus-steuer.com\/?attachment_id=769'><img width=\"150\" height=\"150\" src=\"https:\/\/gaestehaus-steuer.com\/wp-content\/uploads\/2021\/02\/IMG_6717-150x150.jpeg\" class=\"attachment-thumbnail size-thumbnail\" alt=\"\" loading=\"lazy\" aria-describedby=\"gallery-1-769\" \/><\/a>\n\t\t\t<\/dt>\n\t\t\t\t<dd class='wp-caption-text gallery-caption' id='gallery-1-769'>\n\t\t\t\tAp. Bruttig (Zimmer 1)\n\t\t\t\t<\/dd><\/dl><br style=\"clear: both\" \/><dl class='gallery-item'>\n\t\t\t<dt class='gallery-icon landscape'>\n\t\t\t\t<a href='https:\/\/gaestehaus-steuer.com\/?attachment_id=773'><img width=\"150\" height=\"150\" src=\"https:\/\/gaestehaus-steuer.com\/wp-content\/uploads\/2021\/02\/IMG_4304-150x150.jpeg\" class=\"attachment-thumbnail size-thumbnail\" alt=\"\" loading=\"lazy\" aria-describedby=\"gallery-1-773\" \/><\/a>\n\t\t\t<\/dt>\n\t\t\t\t<dd class='wp-caption-text gallery-caption' id='gallery-1-773'>\n\t\t\t\tAp. Weinberg (Zimmer 4) \n\t\t\t\t<\/dd><\/dl><dl class='gallery-item'>\n\t\t\t<dt class='gallery-icon landscape'>\n\t\t\t\t<a href='https:\/\/gaestehaus-steuer.com\/?attachment_id=774'><img width=\"150\" height=\"150\" src=\"https:\/\/gaestehaus-steuer.com\/wp-content\/uploads\/2021\/02\/IMG_4307-150x150.jpeg\" class=\"attachment-thumbnail size-thumbnail\" alt=\"\" loading=\"lazy\" aria-describedby=\"gallery-1-774\" \/><\/a>\n\t\t\t<\/dt>\n\t\t\t\t<dd class='wp-caption-text gallery-caption' id='gallery-1-774'>\n\t\t\t\tAp. Weinberg (Zimmer 4 )\n\t\t\t\t<\/dd><\/dl><br style=\"clear: both\" \/><dl class='gallery-item'>\n\t\t\t<dt class='gallery-icon landscape'>\n\t\t\t\t<a href='https:\/\/gaestehaus-steuer.com\/?attachment_id=775'><img width=\"150\" height=\"150\" src=\"https:\/\/gaestehaus-steuer.com\/wp-content\/uploads\/2021\/02\/IMG_4310-150x150.jpeg\" class=\"attachment-thumbnail size-thumbnail\" alt=\"\" loading=\"lazy\" aria-describedby=\"gallery-1-775\" \/><\/a>\n\t\t\t<\/dt>\n\t\t\t\t<dd class='wp-caption-text gallery-caption' id='gallery-1-775'>\n\t\t\t\tAp. Weinberg (Zimmer 4)\n\t\t\t\t<\/dd><\/dl><dl class='gallery-item'>\n\t\t\t<dt class='gallery-icon landscape'>\n\t\t\t\t<a href='https:\/\/gaestehaus-steuer.com\/?attachment_id=777'><img width=\"150\" height=\"150\" src=\"https:\/\/gaestehaus-steuer.com\/wp-content\/uploads\/2021\/02\/IMG_8408-150x150.jpeg\" class=\"attachment-thumbnail size-thumbnail\" alt=\"\" loading=\"lazy\" aria-describedby=\"gallery-1-777\" \/><\/a>\n\t\t\t<\/dt>\n\t\t\t\t<dd class='wp-caption-text gallery-caption' id='gallery-1-777'>\n\t\t\t\tAp. Weinberg (Zimmer 4)\n\t\t\t\t<\/dd><\/dl><br style=\"clear: both\" \/><dl class='gallery-item'>\n\t\t\t<dt class='gallery-icon portrait'>\n\t\t\t\t<a href='https:\/\/gaestehaus-steuer.com\/?attachment_id=856'><img width=\"150\" height=\"150\" src=\"https:\/\/gaestehaus-steuer.com\/wp-content\/uploads\/2021\/05\/Bad-Zimmer-4-1-150x150.jpg\" class=\"attachment-thumbnail size-thumbnail\" alt=\"\" loading=\"lazy\" aria-describedby=\"gallery-1-856\" \/><\/a>\n\t\t\t<\/dt>\n\t\t\t\t<dd class='wp-caption-text gallery-caption' id='gallery-1-856'>\n\t\t\t\tAp. Weinberg (Zimmer 4)\n\t\t\t\t<\/dd><\/dl><dl class='gallery-item'>\n\t\t\t<dt class='gallery-icon portrait'>\n\t\t\t\t<a href='https:\/\/gaestehaus-steuer.com\/?attachment_id=857'><img width=\"150\" height=\"150\" src=\"https:\/\/gaestehaus-steuer.com\/wp-content\/uploads\/2021\/05\/Bad-Zimmer-4-2-150x150.jpg\" class=\"attachment-thumbnail size-thumbnail\" alt=\"\" loading=\"lazy\" aria-describedby=\"gallery-1-857\" \/><\/a>\n\t\t\t<\/dt>\n\t\t\t\t<dd class='wp-caption-text gallery-caption' id='gallery-1-857'>\n\t\t\t\tAp.Weinberg (Zimmer 4)\n\t\t\t\t<\/dd><\/dl><br style=\"clear: both\" \/><dl class='gallery-item'>\n\t\t\t<dt class='gallery-icon landscape'>\n\t\t\t\t<a href='https:\/\/gaestehaus-steuer.com\/?attachment_id=878'><img width=\"150\" height=\"150\" src=\"https:\/\/gaestehaus-steuer.com\/wp-content\/uploads\/2021\/06\/9064B1AB-D217-44F6-97FB-17BB3DB4AD53-1-150x150.jpeg\" class=\"attachment-thumbnail size-thumbnail\" alt=\"Ap. Mosel\" loading=\"lazy\" aria-describedby=\"gallery-1-878\" \/><\/a>\n\t\t\t<\/dt>\n\t\t\t\t<dd class='wp-caption-text gallery-caption' id='gallery-1-878'>\n\t\t\t\tAp. Mosel (Zimmer 6)\n\t\t\t\t<\/dd><\/dl><dl class='gallery-item'>\n\t\t\t<dt class='gallery-icon landscape'>\n\t\t\t\t<a href='https:\/\/gaestehaus-steuer.com\/?attachment_id=879'><img width=\"150\" height=\"150\" src=\"https:\/\/gaestehaus-steuer.com\/wp-content\/uploads\/2021\/06\/2FB7F591-26D6-497C-A44C-DDA5BD395834-150x150.jpeg\" class=\"attachment-thumbnail size-thumbnail\" alt=\"Ap. Mosel\" loading=\"lazy\" aria-describedby=\"gallery-1-879\" \/><\/a>\n\t\t\t<\/dt>\n\t\t\t\t<dd class='wp-caption-text gallery-caption' id='gallery-1-879'>\n\t\t\t\tAp. Mosel (Zimmer 6)\n\t\t\t\t<\/dd><\/dl><br style=\"clear: both\" \/><dl class='gallery-item'>\n\t\t\t<dt class='gallery-icon landscape'>\n\t\t\t\t<a href='https:\/\/gaestehaus-steuer.com\/?attachment_id=880'><img width=\"150\" height=\"150\" src=\"https:\/\/gaestehaus-steuer.com\/wp-content\/uploads\/2021\/06\/D3129B61-884B-4D83-8DEF-2A565153A35F-150x150.jpeg\" class=\"attachment-thumbnail size-thumbnail\" alt=\"Ap. Mosel (Zimmer 6)\" loading=\"lazy\" aria-describedby=\"gallery-1-880\" \/><\/a>\n\t\t\t<\/dt>\n\t\t\t\t<dd class='wp-caption-text gallery-caption' id='gallery-1-880'>\n\t\t\t\tAp. Mosel (Zimmer 6)\n\t\t\t\t<\/dd><\/dl><dl class='gallery-item'>\n\t\t\t<dt class='gallery-icon landscape'>\n\t\t\t\t<a href='https:\/\/gaestehaus-steuer.com\/?attachment_id=881'><img width=\"150\" height=\"150\" src=\"https:\/\/gaestehaus-steuer.com\/wp-content\/uploads\/2021\/06\/17BB5BEC-8BB0-4F2B-8056-54104103066C-150x150.jpeg\" class=\"attachment-thumbnail size-thumbnail\" alt=\"Ap. Mosel (Zimmer 6)\" loading=\"lazy\" aria-describedby=\"gallery-1-881\" \/><\/a>\n\t\t\t<\/dt>\n\t\t\t\t<dd class='wp-caption-text gallery-caption' id='gallery-1-881'>\n\t\t\t\tAp. Mosel (Zimmer 6)\n\t\t\t\t<\/dd><\/dl><br style=\"clear: both\" \/><dl class='gallery-item'>\n\t\t\t<dt class='gallery-icon landscape'>\n\t\t\t\t<a href='https:\/\/gaestehaus-steuer.com\/?attachment_id=980'><img width=\"150\" height=\"150\" src=\"https:\/\/gaestehaus-steuer.com\/wp-content\/uploads\/2022\/09\/33D0F07A-5C1F-4601-AD69-7DCC31A213EC-150x150.jpeg\" class=\"attachment-thumbnail size-thumbnail\" alt=\"Terrasse &quot;Weinberg&quot;\" loading=\"lazy\" aria-describedby=\"gallery-1-980\" \/><\/a>\n\t\t\t<\/dt>\n\t\t\t\t<dd class='wp-caption-text gallery-caption' id='gallery-1-980'>\n\t\t\t\tAp. Weinberg\n\t\t\t\t<\/dd><\/dl>\n\t\t\t<br style='clear: both' \/>\n\t\t<\/div>\n\n<p><\/p>","protected":false},"excerpt":{"rendered":"<p>Buchen Sie Ihr Apartment f\u00fcr einen Urlaub an der Mosel Unsere Apartments wurden 2021 mit 4 Sternen ausgezeichnet Apartment &#8222;WEINBERG&#8220; wurde in 2020 neu gestaltet mit eigenem Hauseingang und ist stufenlos und barrierefrei erreichbar mit Parkplatz direkt neben dem Eingang, &hellip; <a href=\"https:\/\/gaestehaus-steuer.com\/?page_id=51\">Weiterlesen <span class=\"meta-nav\">&rarr;<\/span><\/a><\/p>\n","protected":false},"author":1,"featured_media":0,"parent":0,"menu_order":0,"comment_status":"closed","ping_status":"closed","template":"","meta":[],"_links":{"self":[{"href":"https:\/\/gaestehaus-steuer.com\/index.php?rest_route=\/wp\/v2\/pages\/51"}],"collection":[{"href":"https:\/\/gaestehaus-steuer.com\/index.php?rest_route=\/wp\/v2\/pages"}],"about":[{"href":"https:\/\/gaestehaus-steuer.com\/index.php?rest_route=\/wp\/v2\/types\/page"}],"author":[{"embeddable":true,"href":"https:\/\/gaestehaus-steuer.com\/index.php?rest_route=\/wp\/v2\/users\/1"}],"replies":[{"embeddable":true,"href":"https:\/\/gaestehaus-steuer.com\/index.php?rest_route=%2Fwp%2Fv2%2Fcomments&post=51"}],"version-history":[{"count":67,"href":"https:\/\/gaestehaus-steuer.com\/index.php?rest_route=\/wp\/v2\/pages\/51\/revisions"}],"predecessor-version":[{"id":1374,"href":"https:\/\/gaestehaus-steuer.com\/index.php?rest_route=\/wp\/v2\/pages\/51\/revisions\/1374"}],"wp:attachment":[{"href":"https:\/\/gaestehaus-steuer.com\/index.php?rest_route=%2Fwp%2Fv2%2Fmedia&parent=51"}],"curies":[{"name":"wp","href":"https:\/\/api.w.org\/{rel}","templated":true}]}}