{"id":24,"date":"2018-02-21T18:10:38","date_gmt":"2018-02-21T18:10:38","guid":{"rendered":"http:\/\/gaestehaus-steuer.com\/?page_id=24"},"modified":"2026-01-17T13:42:58","modified_gmt":"2026-01-17T13:42:58","slug":"startseite","status":"publish","type":"page","link":"https:\/\/gaestehaus-steuer.com\/","title":{"rendered":"Startseite"},"content":{"rendered":"<p><\/p>\n<p style=\"text-align: center;\"><strong>Herzlich willkommen in unserer Pension Ihrem Urlaubsdomizil<\/strong><\/p>\n<div id='gallery-1' class='gallery galleryid-24 gallery-columns-3 gallery-size-thumbnail'><dl class='gallery-item'>\n\t\t\t<dt class='gallery-icon landscape'>\n\t\t\t\t<a href='https:\/\/gaestehaus-steuer.com\/?attachment_id=35'><img width=\"150\" height=\"150\" src=\"https:\/\/gaestehaus-steuer.com\/wp-content\/uploads\/2018\/02\/Hausansicht-150x150.jpg\" class=\"attachment-thumbnail size-thumbnail\" alt=\"\" loading=\"lazy\" aria-describedby=\"gallery-1-35\" \/><\/a>\n\t\t\t<\/dt>\n\t\t\t\t<dd class='wp-caption-text gallery-caption' id='gallery-1-35'>\n\t\t\t\tHaus\n\t\t\t\t<\/dd><\/dl><dl class='gallery-item'>\n\t\t\t<dt class='gallery-icon landscape'>\n\t\t\t\t<a href='https:\/\/gaestehaus-steuer.com\/?attachment_id=36'><img width=\"150\" height=\"150\" src=\"https:\/\/gaestehaus-steuer.com\/wp-content\/uploads\/2018\/02\/Moselblick-Ernst-150x150.jpg\" class=\"attachment-thumbnail size-thumbnail\" alt=\"\" loading=\"lazy\" aria-describedby=\"gallery-1-36\" \/><\/a>\n\t\t\t<\/dt>\n\t\t\t\t<dd class='wp-caption-text gallery-caption' id='gallery-1-36'>\n\t\t\t\tMoselblick\n\t\t\t\t<\/dd><\/dl><dl class='gallery-item'>\n\t\t\t<dt class='gallery-icon landscape'>\n\t\t\t\t<a href='https:\/\/gaestehaus-steuer.com\/?attachment_id=17'><img width=\"150\" height=\"150\" src=\"https:\/\/gaestehaus-steuer.com\/wp-content\/uploads\/2018\/02\/Eing.m.neuem-Schild-150x150.jpg\" class=\"attachment-thumbnail size-thumbnail\" alt=\"\" loading=\"lazy\" aria-describedby=\"gallery-1-17\" \/><\/a>\n\t\t\t<\/dt>\n\t\t\t\t<dd class='wp-caption-text gallery-caption' id='gallery-1-17'>\n\t\t\t\tEingang\n\t\t\t\t<\/dd><\/dl><br style=\"clear: both\" \/>\n\t\t<\/div>\n\n<div id=\"attachment_372\" style=\"width: 310px\" class=\"wp-caption alignnone\"><img aria-describedby=\"caption-attachment-372\" loading=\"lazy\" class=\"size-medium wp-image-372\" src=\"https:\/\/gaestehaus-steuer.com\/wp-content\/uploads\/2019\/03\/Terrasseneingang-300x225.jpg\" alt=\"\" width=\"300\" height=\"225\" srcset=\"https:\/\/gaestehaus-steuer.com\/wp-content\/uploads\/2019\/03\/Terrasseneingang-300x225.jpg 300w, https:\/\/gaestehaus-steuer.com\/wp-content\/uploads\/2019\/03\/Terrasseneingang-768x576.jpg 768w, https:\/\/gaestehaus-steuer.com\/wp-content\/uploads\/2019\/03\/Terrasseneingang.jpg 1024w\" sizes=\"(max-width: 300px) 100vw, 300px\" \/><p id=\"caption-attachment-372\" class=\"wp-caption-text\">Terrasseneingang<\/p><\/div>\n<div id=\"attachment_367\" style=\"width: 310px\" class=\"wp-caption alignnone\"><img aria-describedby=\"caption-attachment-367\" loading=\"lazy\" class=\"size-medium wp-image-367\" src=\"https:\/\/gaestehaus-steuer.com\/wp-content\/uploads\/2019\/03\/Terrasse-6-300x225.jpg\" alt=\"\" width=\"300\" height=\"225\" srcset=\"https:\/\/gaestehaus-steuer.com\/wp-content\/uploads\/2019\/03\/Terrasse-6-300x225.jpg 300w, https:\/\/gaestehaus-steuer.com\/wp-content\/uploads\/2019\/03\/Terrasse-6-768x576.jpg 768w, https:\/\/gaestehaus-steuer.com\/wp-content\/uploads\/2019\/03\/Terrasse-6.jpg 1024w\" sizes=\"(max-width: 300px) 100vw, 300px\" \/><p id=\"caption-attachment-367\" class=\"wp-caption-text\">Terrasse<\/p><\/div>\n<p>Wir begr\u00fc\u00dfen Sie herzlich in unserer gastfreundlichen Pension im romantischen Moseltal ganz in der N\u00e4he von Cochem. Unser G\u00e4stehaus in ruhiger und sonniger Lage\u00a0 mit Blick auf die Mosel und die Weinberge \u00a0ist ein wundersch\u00f6ner Ort die Mosel zu entdecken.<\/p>\n<p style=\"text-align: center;\">Machen Sie Ihren Moselurlaub zu den sch\u00f6nsten Tagen im Jahr und lassen Sie sich von freundlichen Gastgebern verw\u00f6hnen.<\/p>\n<p style=\"text-align: center;\"><strong><em>Erlenweg 2 &#8211; 56814 Bruttig-Fankel &#8211; Telefon +49 2671 3527 <\/em><\/strong><\/p>\n<p style=\"text-align: center;\"><strong><em><a href=\"https:\/\/gaestehaus-steuer.com\/?page_id=113\">info@gaestehaus-steuer.de\u00a0<\/a><\/em><\/strong><\/p>\n<p><strong>Unser G\u00e4stehaus hat Winterpause vom 01.11.2025 bis 1.04.2026.<\/strong><\/p>\n<p><strong>Wir bedanken uns bei allen lieben G\u00e4sten, die bei uns ihren <\/strong><span style=\"color: #000000;\"><b><span style=\"caret-color: #000000;\">Urlaub verbracht <\/span>haben<span style=\"caret-color: #000000;\"> und freuen uns auf ein Wiedersehen im neuen Jahr.<\/span><\/b><\/span><\/p>\n<p><strong>Gerne k\u00f6nnen Sie jetzt schon Ihre Buchung telefonisch oder mit E-mail bei uns sichern.<\/strong><\/p>","protected":false},"excerpt":{"rendered":"<p>Herzlich willkommen in unserer Pension Ihrem Urlaubsdomizil Wir begr\u00fc\u00dfen Sie herzlich in unserer gastfreundlichen Pension im romantischen Moseltal ganz in der N\u00e4he von Cochem. Unser G\u00e4stehaus in ruhiger und sonniger Lage\u00a0 mit Blick auf die Mosel und die Weinberge \u00a0ist &hellip; <a href=\"https:\/\/gaestehaus-steuer.com\/\">Weiterlesen <span class=\"meta-nav\">&rarr;<\/span><\/a><\/p>\n","protected":false},"author":1,"featured_media":0,"parent":0,"menu_order":0,"comment_status":"closed","ping_status":"closed","template":"","meta":[],"_links":{"self":[{"href":"https:\/\/gaestehaus-steuer.com\/index.php?rest_route=\/wp\/v2\/pages\/24"}],"collection":[{"href":"https:\/\/gaestehaus-steuer.com\/index.php?rest_route=\/wp\/v2\/pages"}],"about":[{"href":"https:\/\/gaestehaus-steuer.com\/index.php?rest_route=\/wp\/v2\/types\/page"}],"author":[{"embeddable":true,"href":"https:\/\/gaestehaus-steuer.com\/index.php?rest_route=\/wp\/v2\/users\/1"}],"replies":[{"embeddable":true,"href":"https:\/\/gaestehaus-steuer.com\/index.php?rest_route=%2Fwp%2Fv2%2Fcomments&post=24"}],"version-history":[{"count":52,"href":"https:\/\/gaestehaus-steuer.com\/index.php?rest_route=\/wp\/v2\/pages\/24\/revisions"}],"predecessor-version":[{"id":1371,"href":"https:\/\/gaestehaus-steuer.com\/index.php?rest_route=\/wp\/v2\/pages\/24\/revisions\/1371"}],"wp:attachment":[{"href":"https:\/\/gaestehaus-steuer.com\/index.php?rest_route=%2Fwp%2Fv2%2Fmedia&parent=24"}],"curies":[{"name":"wp","href":"https:\/\/api.w.org\/{rel}","templated":true}]}}