{"id":104,"date":"2018-11-09T17:19:41","date_gmt":"2018-11-09T17:19:41","guid":{"rendered":"http:\/\/gaestehaus-steuer.com\/?page_id=104"},"modified":"2020-01-20T13:38:28","modified_gmt":"2020-01-20T13:38:28","slug":"impresum","status":"publish","type":"page","link":"https:\/\/gaestehaus-steuer.com\/?page_id=104","title":{"rendered":"Impressum"},"content":{"rendered":"<p>Margot Steuer<br \/>\nErlenweg 2<br \/>\n56814 Bruttig-Fankel<\/p>\n<p>Telefon: 02671-3527<br \/>\nFax:\u00a0 02671-91 63 85<\/p>\n<p>Dienstanbieter dieser Internetseiten Margot Steuer. Bei dem Inhalt\u00a0dieser Internetseiten handelt es sich um urheberrechtlich gesch\u00fctzte Werke. Wir gestatten keine \u00dcbernahme von Texten oder Fotos in Datenbest\u00e4nde ohne schriftliche Zustimmung der Eigent\u00fcmerin.<\/p>\n<p>Im Rahmen unseres Dienstes werden auch Links zu Internetinhalten anderer Anbieter bereitgestellt. Auf den Inhalt dieser Seiten haben wir keinen Einfluss; f\u00fcr den Inhalt ist ausschlie\u00dflich der Betreiber der anderen Website verantwortlich. Trotz der \u00dcberpr\u00fcfung der Inhalte im gesetzlich gebotenen Rahmen m\u00fcssen wir daher jede Verantwortung f\u00fcr den Inhalt dieser Links bzw. der verlinkten Seite ablehnen.<\/p>","protected":false},"excerpt":{"rendered":"<p>Margot Steuer Erlenweg 2 56814 Bruttig-Fankel Telefon: 02671-3527 Fax:\u00a0 02671-91 63 85 Dienstanbieter dieser Internetseiten Margot Steuer. Bei dem Inhalt\u00a0dieser Internetseiten handelt es sich um urheberrechtlich gesch\u00fctzte Werke. Wir gestatten keine \u00dcbernahme von Texten oder Fotos in Datenbest\u00e4nde ohne schriftliche &hellip; <a href=\"https:\/\/gaestehaus-steuer.com\/?page_id=104\">Weiterlesen <span class=\"meta-nav\">&rarr;<\/span><\/a><\/p>\n","protected":false},"author":1,"featured_media":0,"parent":0,"menu_order":0,"comment_status":"closed","ping_status":"closed","template":"","meta":[],"_links":{"self":[{"href":"https:\/\/gaestehaus-steuer.com\/index.php?rest_route=\/wp\/v2\/pages\/104"}],"collection":[{"href":"https:\/\/gaestehaus-steuer.com\/index.php?rest_route=\/wp\/v2\/pages"}],"about":[{"href":"https:\/\/gaestehaus-steuer.com\/index.php?rest_route=\/wp\/v2\/types\/page"}],"author":[{"embeddable":true,"href":"https:\/\/gaestehaus-steuer.com\/index.php?rest_route=\/wp\/v2\/users\/1"}],"replies":[{"embeddable":true,"href":"https:\/\/gaestehaus-steuer.com\/index.php?rest_route=%2Fwp%2Fv2%2Fcomments&post=104"}],"version-history":[{"count":5,"href":"https:\/\/gaestehaus-steuer.com\/index.php?rest_route=\/wp\/v2\/pages\/104\/revisions"}],"predecessor-version":[{"id":575,"href":"https:\/\/gaestehaus-steuer.com\/index.php?rest_route=\/wp\/v2\/pages\/104\/revisions\/575"}],"wp:attachment":[{"href":"https:\/\/gaestehaus-steuer.com\/index.php?rest_route=%2Fwp%2Fv2%2Fmedia&parent=104"}],"curies":[{"name":"wp","href":"https:\/\/api.w.org\/{rel}","templated":true}]}}